{"id":24662,"date":"2017-08-14T13:04:50","date_gmt":"2017-08-14T11:04:50","guid":{"rendered":"http:\/\/pft.erstelle-webseiten.ch\/?page_id=24662"},"modified":"2024-06-10T16:14:32","modified_gmt":"2024-06-10T16:14:32","slug":"home","status":"publish","type":"page","link":"https:\/\/profairtrade.ch\/888\/","title":{"rendered":"Home"},"content":{"rendered":"\n[et_pb_section fb_built=&#8220;1&#8243; custom_padding_last_edited=&#8220;on|desktop&#8220; disabled_on=&#8220;off|off|off&#8220; admin_label=&#8220;section&#8220; _builder_version=&#8220;4.16&#8243; background_color=&#8220;rgba(255,255,255,0)&#8220; background_image=&#8220;https:\/\/res.cloudinary.com\/www-profairtrade-ch\/image\/upload\/c_scale,q_auto:good,w_1745\/v1505368967\/Hintergrund-Profairtrade-Startseite-optimiert_n7jo7t.jpg&#8220; parallax=&#8220;on&#8220; parallax_method=&#8220;off&#8220; custom_padding=&#8220;0px|0px|0px|0px&#8220; custom_padding_tablet=&#8220;50px|0|50px|0&#8243; custom_padding_phone=&#8220;50px|0|50px|0&#8243; transparent_background=&#8220;on&#8220; padding_mobile=&#8220;off&#8220; global_colors_info=&#8220;{}&#8220;][et_pb_row padding_mobile=&#8220;on&#8220; column_padding_mobile=&#8220;on&#8220; admin_label=&#8220;Row&#8220; _builder_version=&#8220;4.16&#8243; background_size=&#8220;initial&#8220; background_position=&#8220;top_left&#8220; background_repeat=&#8220;repeat&#8220; custom_padding=&#8220;120px||30px|&#8220; global_colors_info=&#8220;{}&#8220;][et_pb_column type=&#8220;4_4&#8243; _builder_version=&#8220;4.16&#8243; custom_padding=&#8220;|||&#8220; global_colors_info=&#8220;{}&#8220; custom_padding__hover=&#8220;|||&#8220;][et_pb_divider show_divider=&#8220;off&#8220; disabled_on=&#8220;on|on|&#8220; _builder_version=&#8220;4.16&#8243; hide_on_mobile=&#8220;on&#8220; global_colors_info=&#8220;{}&#8220;][\/et_pb_divider][\/et_pb_column][\/et_pb_row][et_pb_row column_structure=&#8220;2_3,1_3&#8243; use_custom_gutter=&#8220;on&#8220; gutter_width=&#8220;1&#8243; custom_padding_last_edited=&#8220;off|phone&#8220; admin_label=&#8220;row&#8220; _builder_version=&#8220;4.16&#8243; background_color=&#8220;rgba(40,40,35,0.8)&#8220; background_size=&#8220;initial&#8220; background_position=&#8220;top_left&#8220; background_repeat=&#8220;repeat&#8220; custom_margin=&#8220;0px|||&#8220; custom_padding=&#8220;2px||2px|&#8220; custom_width_px=&#8220;500px&#8220; global_colors_info=&#8220;{}&#8220;][et_pb_column type=&#8220;2_3&#8243; _builder_version=&#8220;4.16&#8243; background_position=&#8220;top_left&#8220; custom_padding=&#8220;2px|50px|2px|50px&#8220; global_colors_info=&#8220;{}&#8220; custom_padding__hover=&#8220;|||&#8220;][et_pb_text admin_label=&#8220;Titel&#8220; _builder_version=&#8220;4.16&#8243; text_font=&#8220;Cuprum|||on|&#8220; text_text_color=&#8220;#ffffff&#8220; text_font_size=&#8220;40&#8243; header_font=&#8220;|on||on|&#8220; header_text_color=&#8220;#ffffff&#8220; header_font_size=&#8220;32px&#8220; header_line_height=&#8220;1.3em&#8220; background_size=&#8220;initial&#8220; background_position=&#8220;top_left&#8220; background_repeat=&#8220;repeat&#8220; custom_padding=&#8220;||20px|&#8220; text_font_size_tablet=&#8220;35&#8243; text_font_size_phone=&#8220;25&#8243; text_font_size_last_edited=&#8220;on|desktop&#8220; text_line_height_tablet=&#8220;&#8220; text_line_height_phone=&#8220;&#8220; text_line_height_last_edited=&#8220;on|desktop&#8220; header_line_height_tablet=&#8220;&#8220; header_line_height_phone=&#8220;&#8220; header_line_height_last_edited=&#8220;on|phone&#8220; custom_css_main_element=&#8220;line-height: 1em;&#8220; border_style=&#8220;solid&#8220; global_colors_info=&#8220;{}&#8220;]Pro Fair Trade\r[\/et_pb_text][et_pb_text admin_label=&#8220;Subline&#8220; _builder_version=&#8220;4.16&#8243; text_font=&#8220;Cuprum|||on|&#8220; text_text_color=&#8220;#e0d6c0&#8243; text_font_size=&#8220;30&#8243; text_line_height=&#8220;1.5em&#8220; background_size=&#8220;initial&#8220; background_position=&#8220;top_left&#8220; background_repeat=&#8220;repeat&#8220; custom_padding=&#8220;||20px|&#8220; text_font_size_tablet=&#8220;20&#8243; text_font_size_phone=&#8220;18&#8243; text_font_size_last_edited=&#8220;on|phone&#8220; border_style=&#8220;solid&#8220; global_colors_info=&#8220;{}&#8220;]Handel mit pflanzlichen Fetten und \u00d6len\r[\/et_pb_text][et_pb_text _builder_version=&#8220;4.16&#8243; text_font_size=&#8220;16&#8243; background_size=&#8220;initial&#8220; background_position=&#8220;top_left&#8220; background_repeat=&#8220;repeat&#8220; background_layout=&#8220;dark&#8220; custom_padding=&#8220;0px||0px|&#8220; text_font_size_tablet=&#8220;&#8220; text_font_size_phone=&#8220;14&#8243; text_font_size_last_edited=&#8220;on|desktop&#8220; border_style=&#8220;solid&#8220; global_colors_info=&#8220;{}&#8220;]Betreibt direkte Entwicklungshilfe in wirtschaftlich- und strukturschwachen L\u00e4ndern.\r\n\r\nVerpflichtet sich, hochwertige Produkte zu vermarkten welche\r\n<ul>\r\n \t<li>r\u00fcckverfolgbar sind<\/li>\r\n \t<li>die Umwelt respektieren<\/li>\r\n \t<li>das Leben von Menschen verbessern<\/li>\r\n<\/ul>\r[\/et_pb_text][\/et_pb_column][et_pb_column type=&#8220;1_3&#8243; _builder_version=&#8220;4.16&#8243; background_position=&#8220;top_left&#8220; custom_padding=&#8220;2px||2px|&#8220; global_colors_info=&#8220;{}&#8220; custom_padding__hover=&#8220;|||&#8220;][et_pb_image src=&#8220;https:\/\/res.cloudinary.com\/www-profairtrade-ch\/image\/upload\/c_scale,q_auto:good,w_320\/v1505368934\/profairtrade-palmoel-2_p8eacp.jpg&#8220; show_bottom_space=&#8220;off&#8220; align=&#8220;right&#8220; align_tablet=&#8220;center&#8220; align_phone=&#8220;center&#8220; align_last_edited=&#8220;on|desktop&#8220; _builder_version=&#8220;4.16&#8243; custom_margin=&#8220;2px|0px|0px|0px&#8220; animation_style=&#8220;slide&#8220; animation_direction=&#8220;left&#8220; animation_duration=&#8220;500ms&#8220; animation_intensity_slide=&#8220;10%&#8220; border_style=&#8220;solid&#8220; sticky=&#8220;on&#8220; always_center_on_mobile=&#8220;on&#8220; global_colors_info=&#8220;{}&#8220;][\/et_pb_image][\/et_pb_column][\/et_pb_row][et_pb_row padding_mobile=&#8220;on&#8220; column_padding_mobile=&#8220;on&#8220; admin_label=&#8220;Row&#8220; _builder_version=&#8220;4.16&#8243; background_size=&#8220;initial&#8220; background_position=&#8220;top_left&#8220; background_repeat=&#8220;repeat&#8220; custom_padding=&#8220;120px||30px|&#8220; global_colors_info=&#8220;{}&#8220;][et_pb_column type=&#8220;4_4&#8243; _builder_version=&#8220;4.16&#8243; custom_padding=&#8220;|||&#8220; global_colors_info=&#8220;{}&#8220; custom_padding__hover=&#8220;|||&#8220;][et_pb_divider show_divider=&#8220;off&#8220; disabled_on=&#8220;on|on|off&#8220; _builder_version=&#8220;4.16&#8243; hide_on_mobile=&#8220;on&#8220; global_colors_info=&#8220;{}&#8220;][\/et_pb_divider][\/et_pb_column][\/et_pb_row][et_pb_row column_structure=&#8220;1_3,2_3&#8243; use_custom_gutter=&#8220;on&#8220; gutter_width=&#8220;1&#8243; custom_padding_last_edited=&#8220;off|phone&#8220; admin_label=&#8220;row&#8220; _builder_version=&#8220;4.16&#8243; background_color=&#8220;rgba(40,40,35,0.8)&#8220; background_size=&#8220;initial&#8220; background_position=&#8220;top_left&#8220; background_repeat=&#8220;repeat&#8220; custom_padding=&#8220;2px||2px|&#8220; custom_width_px=&#8220;500px&#8220; global_colors_info=&#8220;{}&#8220;][et_pb_column type=&#8220;1_3&#8243; _builder_version=&#8220;4.16&#8243; background_position=&#8220;top_left&#8220; custom_padding=&#8220;2px|0px|2px|0px&#8220; global_colors_info=&#8220;{}&#8220; custom_padding__hover=&#8220;|||&#8220;][et_pb_image src=&#8220;https:\/\/profairtrade.ch\/888\/wp-content\/uploads\/2024\/06\/MultiSourcing3-2.jpg&#8220; title_text=&#8220;MultiSourcing3&#8243; show_bottom_space=&#8220;off&#8220; align_tablet=&#8220;center&#8220; align_phone=&#8220;center&#8220; align_last_edited=&#8220;on|desktop&#8220; _builder_version=&#8220;4.21.0&#8243; custom_margin=&#8220;2px|0px|2px|0px&#8220; animation_style=&#8220;slide&#8220; animation_direction=&#8220;left&#8220; animation_duration=&#8220;500ms&#8220; animation_intensity_slide=&#8220;10%&#8220; hover_enabled=&#8220;0&#8243; border_style=&#8220;solid&#8220; sticky=&#8220;on&#8220; always_center_on_mobile=&#8220;on&#8220; global_colors_info=&#8220;{}&#8220; sticky_enabled=&#8220;0&#8243;][\/et_pb_image][\/et_pb_column][et_pb_column type=&#8220;2_3&#8243; _builder_version=&#8220;4.16&#8243; background_position=&#8220;top_left&#8220; custom_padding=&#8220;2px|50px|2px|50px&#8220; global_colors_info=&#8220;{}&#8220; custom_padding__hover=&#8220;|||&#8220;][et_pb_text admin_label=&#8220;Titel&#8220; _builder_version=&#8220;4.16&#8243; text_font=&#8220;Cuprum|||on|&#8220; text_text_color=&#8220;#ffffff&#8220; text_font_size=&#8220;40&#8243; text_line_height=&#8220;1.5em&#8220; header_font=&#8220;|on||on|&#8220; header_text_color=&#8220;#ffffff&#8220; header_font_size=&#8220;32px&#8220; background_size=&#8220;initial&#8220; background_position=&#8220;top_left&#8220; background_repeat=&#8220;repeat&#8220; custom_padding=&#8220;2px||20px|&#8220; text_font_size_tablet=&#8220;35&#8243; text_font_size_phone=&#8220;25&#8243; text_font_size_last_edited=&#8220;on|phone&#8220; custom_css_main_element=&#8220;line-height: 1em;&#8220; border_style=&#8220;solid&#8220; global_colors_info=&#8220;{}&#8220;]Pro Fair Trade\r[\/et_pb_text][et_pb_text admin_label=&#8220;Subline&#8220; _builder_version=&#8220;4.16&#8243; text_font=&#8220;Cuprum|||on|&#8220; text_text_color=&#8220;#e0d6c0&#8243; text_font_size=&#8220;30&#8243; text_line_height=&#8220;1.5em&#8220; background_size=&#8220;initial&#8220; background_position=&#8220;top_left&#8220; background_repeat=&#8220;repeat&#8220; custom_padding=&#8220;||0px|&#8220; text_font_size_tablet=&#8220;20&#8243; text_font_size_phone=&#8220;18&#8243; text_font_size_last_edited=&#8220;on|phone&#8220; border_style=&#8220;solid&#8220; global_colors_info=&#8220;{}&#8220;]hat f\u00fcr jedes Produkt mehrere Quellen in verschiedenen L\u00e4ndern,\r[\/et_pb_text][et_pb_text _builder_version=&#8220;4.16&#8243; text_font_size=&#8220;16&#8243; background_size=&#8220;initial&#8220; background_position=&#8220;top_left&#8220; background_repeat=&#8220;repeat&#8220; background_layout=&#8220;dark&#8220; custom_padding=&#8220;0px||0px|&#8220; text_font_size_tablet=&#8220;&#8220; text_font_size_phone=&#8220;14&#8243; text_font_size_last_edited=&#8220;on|phone&#8220; border_style=&#8220;solid&#8220; global_colors_info=&#8220;{}&#8220;]<h5>um die Risiken aus folgenden gr\u00fcnden f\u00fcr den Kunden zu minimieren<\/h5>\r\n<ul>\r\n \t<li>politische Zust\u00e4nde<\/li>\r\n \t<li>Unwetter<\/li>\r\n \t<li>Qualit\u00e4t<\/li>\r\n \t<li>Verf\u00fcgbarkeit<\/li>\r\n<\/ul>\r[\/et_pb_text][\/et_pb_column][\/et_pb_row][et_pb_row padding_mobile=&#8220;on&#8220; column_padding_mobile=&#8220;on&#8220; admin_label=&#8220;Row&#8220; _builder_version=&#8220;4.16&#8243; background_size=&#8220;initial&#8220; background_position=&#8220;top_left&#8220; background_repeat=&#8220;repeat&#8220; custom_padding=&#8220;120px||30px|&#8220; global_colors_info=&#8220;{}&#8220;][et_pb_column type=&#8220;4_4&#8243; _builder_version=&#8220;4.16&#8243; custom_padding=&#8220;|||&#8220; global_colors_info=&#8220;{}&#8220; custom_padding__hover=&#8220;|||&#8220;][et_pb_divider show_divider=&#8220;off&#8220; disabled_on=&#8220;on|on|off&#8220; _builder_version=&#8220;4.16&#8243; hide_on_mobile=&#8220;on&#8220; global_colors_info=&#8220;{}&#8220;][\/et_pb_divider][\/et_pb_column][\/et_pb_row][\/et_pb_section]\n","protected":false},"excerpt":{"rendered":"<p>Pro Fair Trade Handel mit pflanzlichen Fetten und \u00d6len Betreibt direkte Entwicklungshilfe in wirtschaftlich- und strukturschwachen L\u00e4ndern. Verpflichtet sich, hochwertige Produkte zu vermarkten welche r\u00fcckverfolgbar sind die Umwelt respektieren das Leben von Menschen verbessern Pro Fair Trade hat f\u00fcr jedes Produkt mehrere Quellen in verschiedenen L\u00e4ndern, um die Risiken aus folgenden gr\u00fcnden f\u00fcr den Kunden [&hellip;]<\/p>\n","protected":false},"author":1,"featured_media":0,"parent":0,"menu_order":0,"comment_status":"closed","ping_status":"closed","template":"","meta":{"_et_pb_use_builder":"on","_et_pb_old_content":"","_et_gb_content_width":"","_cloudinary_featured_overwrite":false,"footnotes":""},"class_list":["post-24662","page","type-page","status-publish","hentry"],"_links":{"self":[{"href":"https:\/\/profairtrade.ch\/888\/wp-json\/wp\/v2\/pages\/24662","targetHints":{"allow":["GET"]}}],"collection":[{"href":"https:\/\/profairtrade.ch\/888\/wp-json\/wp\/v2\/pages"}],"about":[{"href":"https:\/\/profairtrade.ch\/888\/wp-json\/wp\/v2\/types\/page"}],"author":[{"embeddable":true,"href":"https:\/\/profairtrade.ch\/888\/wp-json\/wp\/v2\/users\/1"}],"replies":[{"embeddable":true,"href":"https:\/\/profairtrade.ch\/888\/wp-json\/wp\/v2\/comments?post=24662"}],"version-history":[{"count":10,"href":"https:\/\/profairtrade.ch\/888\/wp-json\/wp\/v2\/pages\/24662\/revisions"}],"predecessor-version":[{"id":27098,"href":"https:\/\/profairtrade.ch\/888\/wp-json\/wp\/v2\/pages\/24662\/revisions\/27098"}],"wp:attachment":[{"href":"https:\/\/profairtrade.ch\/888\/wp-json\/wp\/v2\/media?parent=24662"}],"curies":[{"name":"wp","href":"https:\/\/api.w.org\/{rel}","templated":true}]}}