{"id":24737,"date":"2017-08-15T07:33:37","date_gmt":"2017-08-15T05:33:37","guid":{"rendered":"http:\/\/pft.erstelle-webseiten.ch\/?page_id=24737"},"modified":"2018-02-27T12:31:05","modified_gmt":"2018-02-27T12:31:05","slug":"idiscover-service","status":"publish","type":"page","link":"https:\/\/profairtrade.ch\/888\/idiscover-service\/","title":{"rendered":"iDiscover Service"},"content":{"rendered":"<p>[et_pb_section bb_built=&#8220;1&#8243; admin_label=&#8220;section&#8220; background_image=&#8220;https:\/\/res.cloudinary.com\/www-profairtrade-ch\/image\/upload\/c_scale,q_auto:good,w_1745\/v1505368975\/Hintergrund-iDiscover_Service-ProFairTrade_sjqqbq.jpg&#8220; background_color=&#8220;#ffffff&#8220; parallax=&#8220;on&#8220; parallax_method=&#8220;off&#8220; padding_mobile=&#8220;off&#8220; disabled_on=&#8220;off|off|off&#8220; disabled=&#8220;off&#8220; _builder_version=&#8220;3.0.63&#8243;][et_pb_row][et_pb_column type=&#8220;4_4&#8243;][et_pb_divider color=&#8220;#ffffff&#8220; show_divider=&#8220;off&#8220; height=&#8220;50&#8243; divider_style=&#8220;solid&#8220; divider_position=&#8220;top&#8220; hide_on_mobile=&#8220;on&#8220; \/][\/et_pb_column][\/et_pb_row][et_pb_row admin_label=&#8220;row&#8220; make_fullwidth=&#8220;off&#8220; use_custom_width=&#8220;on&#8220; width_unit=&#8220;on&#8220; custom_width_px=&#8220;700px&#8220; use_custom_gutter=&#8220;off&#8220; padding_mobile=&#8220;on&#8220; allow_player_pause=&#8220;off&#8220; parallax=&#8220;off&#8220; parallax_method=&#8220;off&#8220; make_equal=&#8220;off&#8220; column_padding_mobile=&#8220;on&#8220; gutter_width=&#8220;4&#8243; parallax_1=&#8220;off&#8220; parallax_method_1=&#8220;off&#8220; parallax_2=&#8220;off&#8220; parallax_method_2=&#8220;off&#8220; custom_padding_last_edited=&#8220;off|desktop&#8220; custom_padding_tablet=&#8220;104px||60px|&#8220; background_color=&#8220;rgba(0,0,0,0.56)&#8220; background_position=&#8220;top_left&#8220; background_repeat=&#8220;repeat&#8220; background_size=&#8220;initial&#8220;][et_pb_column type=&#8220;4_4&#8243;][et_pb_text admin_label=&#8220;iDiscover Service&#8220; background_layout=&#8220;light&#8220; text_orientation=&#8220;center&#8220; text_font=&#8220;Cuprum|||on|&#8220; text_font_size=&#8220;40&#8243; text_text_color=&#8220;#ffffff&#8220; border_style=&#8220;solid&#8220; custom_padding=&#8220;30px||20px|&#8220; custom_css_main_element=&#8220;line-height: 1em;&#8220; background_position=&#8220;top_left&#8220; background_repeat=&#8220;repeat&#8220; background_size=&#8220;initial&#8220; _builder_version=&#8220;3.0.63&#8243; text_font_size_tablet=&#8220;35&#8243; text_font_size_phone=&#8220;25&#8243; text_font_size_last_edited=&#8220;on|phone&#8220; text_line_height=&#8220;1.5em&#8220;]<\/p>\n<p>iDiscover Service<\/p>\n<p>[\/et_pb_text][et_pb_text admin_label=&#8220;Subline&#8220; background_layout=&#8220;light&#8220; text_orientation=&#8220;center&#8220; text_font=&#8220;Cuprum|||on|&#8220; text_font_size=&#8220;30&#8243; text_text_color=&#8220;#e0d6c0&#8243; border_style=&#8220;solid&#8220; custom_padding=&#8220;||50px|&#8220; background_position=&#8220;top_left&#8220; background_repeat=&#8220;repeat&#8220; background_size=&#8220;initial&#8220; _builder_version=&#8220;3.0.63&#8243; text_font_size_tablet=&#8220;20&#8243; text_font_size_phone=&#8220;18&#8243; text_font_size_last_edited=&#8220;on|phone&#8220; text_line_height=&#8220;1.5em&#8220;]<\/p>\n<p>Dienstleistungen \/ Direkt Investitionen<\/p>\n<p>[\/et_pb_text][et_pb_text _builder_version=&#8220;3.0.63&#8243; background_layout=&#8220;light&#8220; text_orientation=&#8220;left&#8220; border_style=&#8220;solid&#8220; text_font=&#8220;Cuprum||||&#8220; text_text_color=&#8220;#e0d6c0&#8243; text_font_size=&#8220;20&#8243; custom_padding=&#8220;|||50px&#8220; text_line_height=&#8220;1.5em&#8220;]<\/p>\n<p><span class=\"TextRun SCXW125530187\" lang=\"DE-CH\" xml:lang=\"DE-CH\"><span class=\"NormalTextRun SCXW125530187\">EXW bis DAP Lieferungen in die Schweiz<\/span><\/span><\/p>\n<p>Verantwortungsvolle Beschaffung<\/p>\n<p>Risiko &amp; Qualit\u00e4ts Management<\/p>\n<p>Mehrquellen Beschaffung<\/p>\n<p>R\u00fcckverfolgbarkeit mit Revision<\/p>\n<p>Impacht Finanzierung im Ursprungsland<\/p>\n<p>iDiscover Live Plattform &#8211; &#8222;Farm to Table&#8220;<\/p>\n<p>[\/et_pb_text][\/et_pb_column][\/et_pb_row][et_pb_row][et_pb_column type=&#8220;4_4&#8243;][et_pb_divider color=&#8220;#ffffff&#8220; show_divider=&#8220;off&#8220; height=&#8220;50&#8243; divider_style=&#8220;solid&#8220; divider_position=&#8220;top&#8220; hide_on_mobile=&#8220;on&#8220; \/][\/et_pb_column][\/et_pb_row][et_pb_row admin_label=&#8220;row&#8220; custom_width_px=&#8220;500px&#8220; use_custom_gutter=&#8220;on&#8220; padding_mobile=&#8220;on&#8220; parallax_method=&#8220;off&#8220; column_padding_mobile=&#8220;on&#8220; gutter_width=&#8220;1&#8243; parallax_method_1=&#8220;off&#8220; parallax_method_2=&#8220;off&#8220; custom_padding=&#8220;0px||0px|&#8220; custom_padding_last_edited=&#8220;off|phone&#8220; custom_margin=&#8220;0px|||&#8220; padding_top_1=&#8220;50px&#8220; padding_right_1=&#8220;50px&#8220; padding_bottom_1=&#8220;50px&#8220; padding_left_1=&#8220;50px&#8220; background_color=&#8220;rgba(40,40,35,0.76)&#8220; background_position=&#8220;top_left&#8220; background_repeat=&#8220;repeat&#8220; background_size=&#8220;initial&#8220; _builder_version=&#8220;3.0.63&#8243; background_position_1=&#8220;top_left&#8220; background_repeat_1=&#8220;no-repeat&#8220; background_position_2=&#8220;top_left&#8220; background_repeat_2=&#8220;no-repeat&#8220;][et_pb_column type=&#8220;2_3&#8243;][et_pb_text admin_label=&#8220;iDiscover f\u00fcr Kunden&#8220; background_layout=&#8220;light&#8220; text_orientation=&#8220;left&#8220; text_font=&#8220;Cuprum|||on|&#8220; text_font_size=&#8220;40&#8243; text_text_color=&#8220;#ffffff&#8220; border_style=&#8220;solid&#8220; custom_padding=&#8220;||30px|&#8220; background_position=&#8220;top_left&#8220; background_repeat=&#8220;repeat&#8220; background_size=&#8220;initial&#8220; _builder_version=&#8220;3.0.63&#8243; custom_padding_last_edited=&#8220;on|desktop&#8220; text_font_size_tablet=&#8220;35&#8243; text_font_size_phone=&#8220;25&#8243; text_font_size_last_edited=&#8220;on|phone&#8220; text_line_height=&#8220;1.5em&#8220;]<\/p>\n<p>iDiscover f\u00fcr Kunden<\/p>\n<p>[\/et_pb_text][et_pb_text admin_label=&#8220;Subline&#8220; background_layout=&#8220;light&#8220; text_orientation=&#8220;left&#8220; text_font=&#8220;Cuprum|||on|&#8220; text_font_size=&#8220;30&#8243; text_text_color=&#8220;#e0d6c0&#8243; border_style=&#8220;solid&#8220; custom_padding=&#8220;||50px|&#8220; background_position=&#8220;top_left&#8220; background_repeat=&#8220;repeat&#8220; background_size=&#8220;initial&#8220; _builder_version=&#8220;3.0.63&#8243; text_font_size_tablet=&#8220;20&#8243; text_font_size_phone=&#8220;18&#8243; text_font_size_last_edited=&#8220;on|phone&#8220; text_line_height=&#8220;1.5em&#8220;]<\/p>\n<p>Pro Fair Trade Kunden erhalten online<\/p>\n<p>[\/et_pb_text][et_pb_text _builder_version=&#8220;3.0.63&#8243; background_layout=&#8220;light&#8220; text_orientation=&#8220;left&#8220; border_style=&#8220;solid&#8220; text_font=&#8220;Cuprum||||&#8220; text_font_size=&#8220;20&#8243; text_text_color=&#8220;#e0d6c0&#8243;]<\/p>\n<p>Komplette Transparenz<\/p>\n<p>Gesamte Beschaffungsketten Info<\/p>\n<p>On-Line \u00dcberwachung und R\u00fcckverfolgbarkeit der gesamten Lieferkette<\/p>\n<p>&nbsp;<\/p>\n<p>[\/et_pb_text][et_pb_toggle admin_label=&#8220;Umschalter Beschaffungsprozess&#8220; _builder_version=&#8220;3.0.63&#8243; title=&#8220;Beschaffungsprozess&#8220; open=&#8220;off&#8220; open_toggle_background_color=&#8220;rgba(255,255,255,0.9)&#8220; closed_toggle_background_color=&#8220;rgba(40,40,35,0.8)&#8220; icon_color=&#8220;rgba(224,153,0,0.56)&#8220; open_toggle_text_color=&#8220;#000000&#8243; title_font=&#8220;Cuprum||||&#8220; title_text_color=&#8220;#e0d6c0&#8243; body_line_height=&#8220;1.5em&#8220; border_style=&#8220;solid&#8220; custom_padding=&#8220;|20px||20px&#8220;]<\/p>\n<div class=\"et_pb_tab_content\">\n<p>Lieferung von Saat an den Produzenten<\/p>\n<p>Ernte ab der Plantage<\/p>\n<p>zum Verarbeiter<\/p>\n<p>mitsamt der Logistik<\/p>\n<p>bis zur Ankunft in der Schweiz<\/p>\n<p>SaaS CRM- und Logistik<\/p>\n<\/div>\n<p>[\/et_pb_toggle][et_pb_toggle admin_label=&#8220;Umschalter iDiscover Schnittstelle&#8220; _builder_version=&#8220;3.0.63&#8243; title=&#8220;iDiscover Schnittstelle&#8220; open=&#8220;off&#8220; open_toggle_background_color=&#8220;rgba(255,255,255,0.9)&#8220; closed_toggle_background_color=&#8220;rgba(40,40,35,0.8)&#8220; icon_color=&#8220;rgba(224,153,0,0.56)&#8220; open_toggle_text_color=&#8220;#000000&#8243; title_font=&#8220;Cuprum||||&#8220; body_line_height=&#8220;1.5em&#8220; border_style=&#8220;solid&#8220; custom_padding=&#8220;|20px||20px&#8220; title_text_color=&#8220;#e0d6c0&#8243;]<\/p>\n<div class=\"et_pb_tab_content\">\n<p>Verf\u00fcgbar zur Einbindung der Plattform in Kunden-Webseiten, mobilen Applikationen und Shop-Display<\/p>\n<p>Kunden-spezifische Identit\u00e4t und Story-Telling<\/p>\n<p>Kunden stehen die folgenden iDiscover Module zur Verf\u00fcgung:<\/p>\n<p>Auftrag<\/p>\n<p>Logistik<\/p>\n<p>Batch Traceability<\/p>\n<p>Shipment GPS Tracking:<\/p>\n<p>Live.Container-Beladung<\/p>\n<p>Container- &amp; Vessel Tracking<\/p>\n<p>Dokument Management<\/p>\n<p>Kommunikation<\/p>\n<p>Schnittstellen Einbindung in ERP System<\/p>\n<\/div>\n<p>[\/et_pb_toggle][\/et_pb_column][et_pb_column type=&#8220;1_3&#8243;][\/et_pb_column][\/et_pb_row][et_pb_row _builder_version=&#8220;3.0.63&#8243; background_position_1=&#8220;top_left&#8220; background_repeat_1=&#8220;no-repeat&#8220; custom_padding=&#8220;6px||6px|&#8220;][et_pb_column type=&#8220;4_4&#8243;][et_pb_divider admin_label=&#8220;Teiler 6 px&#8220; height=&#8220;10&#8243; divider_style=&#8220;solid&#8220; divider_position=&#8220;top&#8220; hide_on_mobile=&#8220;on&#8220; _builder_version=&#8220;3.0.63&#8243; \/][\/et_pb_column][\/et_pb_row][et_pb_row admin_label=&#8220;row&#8220; make_fullwidth=&#8220;off&#8220; use_custom_width=&#8220;off&#8220; width_unit=&#8220;on&#8220; custom_width_px=&#8220;500px&#8220; use_custom_gutter=&#8220;on&#8220; padding_mobile=&#8220;on&#8220; allow_player_pause=&#8220;off&#8220; parallax=&#8220;off&#8220; parallax_method=&#8220;off&#8220; make_equal=&#8220;off&#8220; column_padding_mobile=&#8220;on&#8220; gutter_width=&#8220;1&#8243; parallax_1=&#8220;off&#8220; parallax_method_1=&#8220;off&#8220; parallax_2=&#8220;off&#8220; parallax_method_2=&#8220;off&#8220; custom_padding=&#8220;0px||0px|&#8220; custom_padding_last_edited=&#8220;off|phone&#8220; custom_margin=&#8220;0px|||&#8220; padding_top_1=&#8220;0px&#8220; padding_right_1=&#8220;0px&#8220; padding_bottom_1=&#8220;0px&#8220; padding_left_1=&#8220;0px&#8220; background_color=&#8220;#353431&#8243; padding_top_2=&#8220;50px&#8220; padding_right_2=&#8220;50px&#8220; padding_bottom_2=&#8220;50px&#8220; padding_left_2=&#8220;50px&#8220; background_position=&#8220;top_left&#8220; background_repeat=&#8220;repeat&#8220; background_size=&#8220;initial&#8220; _builder_version=&#8220;3.0.63&#8243;][et_pb_column type=&#8220;1_3&#8243;][\/et_pb_column][et_pb_column type=&#8220;2_3&#8243;][et_pb_text admin_label=&#8220;iDiscover f\u00fcr Lieferanten&#8220; background_layout=&#8220;light&#8220; text_orientation=&#8220;left&#8220; text_font=&#8220;Cuprum|||on|&#8220; text_font_size=&#8220;40&#8243; text_text_color=&#8220;#ffffff&#8220; border_style=&#8220;solid&#8220; custom_padding=&#8220;||30px|&#8220; custom_css_main_element=&#8220;line-height: 1em;&#8220; background_position=&#8220;top_left&#8220; background_repeat=&#8220;repeat&#8220; background_size=&#8220;initial&#8220; _builder_version=&#8220;3.0.63&#8243; text_font_size_tablet=&#8220;35&#8243; text_font_size_phone=&#8220;25&#8243; text_font_size_last_edited=&#8220;on|phone&#8220; text_line_height=&#8220;1.5em&#8220;]<\/p>\n<p>iDiscover f\u00fcr Lieferanten<\/p>\n<p>[\/et_pb_text][et_pb_text admin_label=&#8220;Subline&#8220; background_layout=&#8220;light&#8220; text_orientation=&#8220;left&#8220; text_font=&#8220;Cuprum|||on|&#8220; text_font_size=&#8220;30&#8243; text_text_color=&#8220;#e0d6c0&#8243; border_style=&#8220;solid&#8220; custom_padding=&#8220;||50px|&#8220; background_position=&#8220;top_left&#8220; background_repeat=&#8220;repeat&#8220; background_size=&#8220;initial&#8220; _builder_version=&#8220;3.0.63&#8243; text_font_size_tablet=&#8220;20&#8243; text_font_size_phone=&#8220;18&#8243; text_font_size_last_edited=&#8220;on|phone&#8220; text_line_height=&#8220;1.5em&#8220;]<\/p>\n<p>Pro Fair Trade Ag<\/p>\n<p>[\/et_pb_text][et_pb_text _builder_version=&#8220;3.0.63&#8243; background_layout=&#8220;light&#8220; text_orientation=&#8220;left&#8220; border_style=&#8220;solid&#8220; text_font=&#8220;Cuprum||||&#8220; text_font_size=&#8220;20&#8243; text_text_color=&#8220;#e0d6c0&#8243;]<\/p>\n<p>Schult und beaufsichtigt die lokalen Lieferanten<\/p>\n<p>und deren Lieferketten<\/p>\n<p>Jeder Lieferant aktualisiert:<\/p>\n<p>Landwirtschaft Methoden der Produzenten<\/p>\n<p>Anbau Pl\u00e4ne<\/p>\n<p>Fruchtwechsel<\/p>\n<p>Landwirtschaftliche Betriebsstoffe und Produktions-Daten<\/p>\n<p>Umwelt Faktoren<\/p>\n<p>Sozialwirtschaftliche Umst\u00e4nde<\/p>\n<p>Berichte<\/p>\n<p>[\/et_pb_text][\/et_pb_column][\/et_pb_row][et_pb_row _builder_version=&#8220;3.0.63&#8243; background_position_1=&#8220;top_left&#8220; background_repeat_1=&#8220;no-repeat&#8220; custom_padding=&#8220;6px||6px|&#8220;][et_pb_column type=&#8220;4_4&#8243;][et_pb_divider admin_label=&#8220;Teiler 6 px&#8220; height=&#8220;10&#8243; divider_style=&#8220;solid&#8220; divider_position=&#8220;top&#8220; hide_on_mobile=&#8220;on&#8220; _builder_version=&#8220;3.0.63&#8243; \/][\/et_pb_column][\/et_pb_row][et_pb_row admin_label=&#8220;row&#8220; make_fullwidth=&#8220;off&#8220; use_custom_width=&#8220;off&#8220; width_unit=&#8220;on&#8220; custom_width_px=&#8220;500px&#8220; use_custom_gutter=&#8220;on&#8220; padding_mobile=&#8220;on&#8220; allow_player_pause=&#8220;off&#8220; parallax=&#8220;off&#8220; parallax_method=&#8220;off&#8220; make_equal=&#8220;off&#8220; column_padding_mobile=&#8220;on&#8220; gutter_width=&#8220;1&#8243; parallax_1=&#8220;off&#8220; parallax_method_1=&#8220;off&#8220; parallax_2=&#8220;off&#8220; parallax_method_2=&#8220;off&#8220; custom_padding=&#8220;0px||0px|&#8220; custom_padding_last_edited=&#8220;off|phone&#8220; custom_margin=&#8220;0px|||&#8220; padding_top_1=&#8220;50px&#8220; padding_right_1=&#8220;50px&#8220; padding_bottom_1=&#8220;50px&#8220; padding_left_1=&#8220;50px&#8220; background_color=&#8220;rgba(40,40,35,0.8)&#8220; background_position=&#8220;top_left&#8220; background_repeat=&#8220;repeat&#8220; background_size=&#8220;initial&#8220; _builder_version=&#8220;3.0.63&#8243;][et_pb_column type=&#8220;2_3&#8243;][et_pb_text admin_label=&#8220;Risiko &amp; Qualit\u00e4t&#8220; background_layout=&#8220;light&#8220; text_orientation=&#8220;left&#8220; text_font=&#8220;Cuprum|||on|&#8220; text_font_size=&#8220;40&#8243; text_text_color=&#8220;#ffffff&#8220; border_style=&#8220;solid&#8220; custom_padding=&#8220;||30px|&#8220; custom_css_main_element=&#8220;line-height: 1em;&#8220; background_position=&#8220;top_left&#8220; background_repeat=&#8220;repeat&#8220; background_size=&#8220;initial&#8220; _builder_version=&#8220;3.0.63&#8243; text_font_size_tablet=&#8220;35&#8243; text_font_size_phone=&#8220;25&#8243; text_font_size_last_edited=&#8220;on|phone&#8220; text_line_height=&#8220;1.5em&#8220;]<\/p>\n<p>Risiko &amp; Qualit\u00e4t<\/p>\n<p>[\/et_pb_text][et_pb_text admin_label=&#8220;Subline&#8220; background_layout=&#8220;light&#8220; text_orientation=&#8220;left&#8220; text_font=&#8220;Cuprum|||on|&#8220; text_font_size=&#8220;30&#8243; text_text_color=&#8220;#e0d6c0&#8243; border_style=&#8220;solid&#8220; custom_padding=&#8220;||50px|&#8220; background_position=&#8220;top_left&#8220; background_repeat=&#8220;repeat&#8220; background_size=&#8220;initial&#8220; _builder_version=&#8220;3.0.63&#8243; text_font_size_tablet=&#8220;20&#8243; text_font_size_phone=&#8220;18&#8243; text_font_size_last_edited=&#8220;on|phone&#8220; text_line_height=&#8220;1.5em&#8220;]<\/p>\n<p>Vor &#8211; Ort Management<\/p>\n<p>[\/et_pb_text][et_pb_text _builder_version=&#8220;3.0.63&#8243; background_layout=&#8220;light&#8220; text_orientation=&#8220;left&#8220; border_style=&#8220;solid&#8220; text_font=&#8220;Cuprum||||&#8220; text_font_size=&#8220;20&#8243; text_text_color=&#8220;#e0d6c0&#8243;]<\/p>\n<p>Pro Fair Trade AG Shipping Management<\/p>\n<p>Qualit\u00e4ts-Sicherungs-Personal vor Ort<\/p>\n<p>Organisation &amp; Management vom gesamten Beschaffungs-Prozess<\/p>\n<p>Live Container Beladungsprozess &#8211; Qualit\u00e4ts-\u00dcberwachung bis zur Verschiffung im Hafen<\/p>\n<p>Integrierter Ladungs-Bericht f\u00fcr jede Verschiffung<\/p>\n<p>GPS Verschiffungs-\u00dcberwachung<\/p>\n<p>L\u00f6sung f\u00fcr 3-MCPD und Glycidol<\/p>\n<p>Pro Fair Trade arbeitet aktiv mit Internationalen Toolboxen, den Kunden und den Lieferanten<\/p>\n<p>[\/et_pb_text][\/et_pb_column][et_pb_column type=&#8220;1_3&#8243;][\/et_pb_column][\/et_pb_row][et_pb_row _builder_version=&#8220;3.0.63&#8243; background_position_1=&#8220;top_left&#8220; background_repeat_1=&#8220;no-repeat&#8220; custom_padding=&#8220;6px||6px|&#8220;][et_pb_column type=&#8220;4_4&#8243;][et_pb_divider admin_label=&#8220;Teiler 6 px&#8220; height=&#8220;10&#8243; divider_style=&#8220;solid&#8220; divider_position=&#8220;top&#8220; hide_on_mobile=&#8220;on&#8220; _builder_version=&#8220;3.0.63&#8243; \/][\/et_pb_column][\/et_pb_row][et_pb_row admin_label=&#8220;row&#8220; custom_width_px=&#8220;500px&#8220; use_custom_gutter=&#8220;on&#8220; padding_mobile=&#8220;on&#8220; parallax_method=&#8220;off&#8220; column_padding_mobile=&#8220;on&#8220; gutter_width=&#8220;1&#8243; parallax_method_1=&#8220;off&#8220; parallax_method_2=&#8220;off&#8220; custom_padding=&#8220;||0px|&#8220; custom_padding_last_edited=&#8220;off|phone&#8220; custom_margin=&#8220;0px|||&#8220; padding_top_1=&#8220;0px&#8220; padding_right_1=&#8220;0px&#8220; padding_bottom_1=&#8220;0px&#8220; padding_left_1=&#8220;0px&#8220; background_color=&#8220;#353431&#8243; padding_top_2=&#8220;50px&#8220; padding_right_2=&#8220;50px&#8220; padding_bottom_2=&#8220;50px&#8220; padding_left_2=&#8220;50px&#8220; background_position=&#8220;top_left&#8220; background_repeat=&#8220;repeat&#8220; background_size=&#8220;initial&#8220; _builder_version=&#8220;3.0.63&#8243; background_position_1=&#8220;top_left&#8220; background_repeat_1=&#8220;no-repeat&#8220; background_position_2=&#8220;top_left&#8220; background_repeat_2=&#8220;no-repeat&#8220;][et_pb_column type=&#8220;4_4&#8243;][et_pb_code admin_label=&#8220;iFrame-Test&#8220; _builder_version=&#8220;3.0.63&#8243;]&lt;iframe src=&#8220;https:\/\/idiscover.ch\/index-de.html&#8220;&lt;!&#8211; [et_pb_line_break_holder] &#8211;&gt; width=&#8220;100%&#8220; height=&#8220;1200&#8243; frameborder=&#8220;0&#8243;&lt;!&#8211; [et_pb_line_break_holder] &#8211;&gt; allowfullscreen sandbox&gt;&lt;!&#8211; [et_pb_line_break_holder] &#8211;&gt; &lt;p&gt; &lt;a href=&#8220;https:\/\/idiscover.ch\/\/index-de.html&#8220;&gt;&lt;!&#8211; [et_pb_line_break_holder] &#8211;&gt; Fallback link for browsers that don&#8217;t support iframes&lt;!&#8211; [et_pb_line_break_holder] &#8211;&gt; &lt;\/a&gt; &lt;\/p&gt;&lt;!&#8211; [et_pb_line_break_holder] &#8211;&gt;&lt;\/iframe&gt;[\/et_pb_code][\/et_pb_column][\/et_pb_row][\/et_pb_section]<\/p>\n","protected":false},"excerpt":{"rendered":"<p><div class=\"et_pb_row et_pb_row_0 et_pb_row_empty\">\n\t\t\t\t\n\t\t\t\t\n\t\t\t\t\n\t\t\t\t\n\t\t\t\t\n\t\t\t<\/div> iDiscover Service Dienstleistungen \/ Direkt Investitionen EXW bis DAP Lieferungen in die Schweiz Verantwortungsvolle Beschaffung Risiko &amp; Qualit\u00e4ts Management Mehrquellen Beschaffung R\u00fcckverfolgbarkeit mit Revision Impacht Finanzierung im Ursprungsland iDiscover Live Plattform &#8211; &#8222;Farm to Table&#8220; <div class=\"et_pb_row et_pb_row_1 et_pb_row_empty\">\n\t\t\t\t\n\t\t\t\t\n\t\t\t\t\n\t\t\t\t\n\t\t\t\t\n\t\t\t<\/div> iDiscover f\u00fcr Kunden Pro Fair Trade Kunden erhalten online Komplette Transparenz Gesamte Beschaffungsketten Info On-Line \u00dcberwachung und R\u00fcckverfolgbarkeit [&hellip;]<\/p>\n","protected":false},"author":1,"featured_media":0,"parent":0,"menu_order":0,"comment_status":"closed","ping_status":"closed","template":"","meta":{"_et_pb_use_builder":"on","_et_pb_old_content":"","_et_gb_content_width":"","_cloudinary_featured_overwrite":false,"footnotes":""},"class_list":["post-24737","page","type-page","status-publish","hentry"],"_links":{"self":[{"href":"https:\/\/profairtrade.ch\/888\/wp-json\/wp\/v2\/pages\/24737","targetHints":{"allow":["GET"]}}],"collection":[{"href":"https:\/\/profairtrade.ch\/888\/wp-json\/wp\/v2\/pages"}],"about":[{"href":"https:\/\/profairtrade.ch\/888\/wp-json\/wp\/v2\/types\/page"}],"author":[{"embeddable":true,"href":"https:\/\/profairtrade.ch\/888\/wp-json\/wp\/v2\/users\/1"}],"replies":[{"embeddable":true,"href":"https:\/\/profairtrade.ch\/888\/wp-json\/wp\/v2\/comments?post=24737"}],"version-history":[{"count":6,"href":"https:\/\/profairtrade.ch\/888\/wp-json\/wp\/v2\/pages\/24737\/revisions"}],"predecessor-version":[{"id":26464,"href":"https:\/\/profairtrade.ch\/888\/wp-json\/wp\/v2\/pages\/24737\/revisions\/26464"}],"wp:attachment":[{"href":"https:\/\/profairtrade.ch\/888\/wp-json\/wp\/v2\/media?parent=24737"}],"curies":[{"name":"wp","href":"https:\/\/api.w.org\/{rel}","templated":true}]}}