{"id":26585,"date":"2018-12-18T16:45:29","date_gmt":"2018-12-18T16:45:29","guid":{"rendered":"https:\/\/profairtrade.ch\/888\/?page_id=26585"},"modified":"2023-02-09T14:41:01","modified_gmt":"2023-02-09T14:41:01","slug":"uebergabe-des-rspo-ip-zertifikats","status":"publish","type":"page","link":"https:\/\/profairtrade.ch\/888\/uebergabe-des-rspo-ip-zertifikats\/","title":{"rendered":"\u00dcbergabe des RSPO IP Zertifikats"},"content":{"rendered":"<p>[et_pb_section bb_built=&#8220;1&#8243;][et_pb_row][et_pb_column type=&#8220;4_4&#8243;][et_pb_text _builder_version=&#8220;3.0.63&#8243; background_layout=&#8220;light&#8220; text_orientation=&#8220;center&#8220; border_style=&#8220;solid&#8220; text_font=&#8220;Cuprum||||&#8220; text_font_size=&#8220;40&#8243; text_font_size_tablet=&#8220;35&#8243; text_font_size_phone=&#8220;25&#8243; text_font_size_last_edited=&#8220;on|phone&#8220;]<\/p>\n<h2>16. Sept. 2018 \u2013 Besuch bei Adam Afrique in Sikensi\u00a0RSPO IP zertifiziert: Palm RBD, -Stearin und -Olein<\/h2>\n<p>[\/et_pb_text][\/et_pb_column][\/et_pb_row][et_pb_row][et_pb_column type=&#8220;1_2&#8243;][et_pb_text _builder_version=&#8220;3.0.63&#8243; background_layout=&#8220;light&#8220; text_orientation=&#8220;left&#8220; border_style=&#8220;solid&#8220;]<\/p>\n<p>Die Adam Afrique Sarl ist eine komplett vertikal integrierte Firma in der C\u00f4te d\u2019Ivoire, die von der CPO M\u00fchle, \u00fcber Raffinerien, Seifenfabrik, PVC Beh\u00e4lter- und Flaschen Produktion, Abf\u00fcllanlagen f\u00fcr den Gross- und Detailhandel und eigener Logistik verf\u00fcgt.<\/p>\n<p>Durch die Co-Finanzierung der Pro Fair Trade AG konnte eine<\/p>\n<p>[\/et_pb_text][et_pb_image _builder_version=&#8220;3.0.63&#8243; src=&#8220;https:\/\/profairtrade.ch\/888\/wp-content\/uploads\/2017\/09\/Picture2.png&#8220; show_in_lightbox=&#8220;off&#8220; url_new_window=&#8220;off&#8220; use_overlay=&#8220;off&#8220; sticky=&#8220;off&#8220; align=&#8220;center&#8220; always_center_on_mobile=&#8220;on&#8220; border_style=&#8220;solid&#8220; force_fullwidth=&#8220;on&#8220; \/][\/et_pb_column][et_pb_column type=&#8220;1_2&#8243;][et_pb_image _builder_version=&#8220;3.0.63&#8243; src=&#8220;https:\/\/profairtrade.ch\/888\/wp-content\/uploads\/2017\/09\/Picture1.png&#8220; show_in_lightbox=&#8220;off&#8220; url_new_window=&#8220;off&#8220; use_overlay=&#8220;off&#8220; sticky=&#8220;off&#8220; align=&#8220;center&#8220; always_center_on_mobile=&#8220;on&#8220; border_style=&#8220;solid&#8220; force_fullwidth=&#8220;on&#8220; \/][et_pb_text _builder_version=&#8220;3.0.63&#8243; background_layout=&#8220;light&#8220; text_orientation=&#8220;left&#8220; border_style=&#8220;solid&#8220;]<\/p>\n<p>zus\u00e4tzliche neue Desmet Raffinerie mit einer Kapazit\u00e4t von 200 t\/Tag realisiert werden. Die Adam Afrique Sarl produziert RSPO IP zertifizierte raffinierte Produkte, welche es qualitativ mit Produktionen der weltweiten Konkurrenz aufnehmen k\u00f6nnen.<\/p>\n<p>\u00d6kologisch wertvoll, RSPO IP und unantastbar von m\u00f6glichen Anschuldigungen von Vergehen gegen die Natur oder Kleinbauern. Standort ist weder von der Peatland (Torf) noch der Wildlife Problematik betroffen,\u00a0 und somit auf hohem Standard mit eigenen Krankenstationen und Schulen!<\/p>\n<p>[\/et_pb_text][\/et_pb_column][\/et_pb_row][et_pb_row][et_pb_column type=&#8220;4_4&#8243;][et_pb_text _builder_version=&#8220;3.0.63&#8243; background_layout=&#8220;light&#8220; text_orientation=&#8220;center&#8220; border_style=&#8220;solid&#8220; text_font=&#8220;Cuprum||||&#8220; text_font_size=&#8220;40&#8243; text_font_size_tablet=&#8220;35&#8243; text_font_size_phone=&#8220;25&#8243; text_font_size_last_edited=&#8220;on|phone&#8220;]<\/p>\n<h2>17.-18. Sept. 2018 \u2013 SIPEFCI Bolo und San Pedro<\/h2>\n<p>[\/et_pb_text][\/et_pb_column][\/et_pb_row][et_pb_row][et_pb_column type=&#8220;1_2&#8243;][et_pb_text _builder_version=&#8220;3.0.63&#8243; background_layout=&#8220;light&#8220; text_orientation=&#8220;left&#8220; border_style=&#8220;solid&#8220;]<\/p>\n<p>Mit der Air C\u00f4te d\u2019Ivoire ging es weiter nach San Pedro mit dem neuesten Flugmaterial (Bombardier Q400), was die Airline zu bieten hat.<br \/>\nNach einer Nacht in San Pedro und weiteren viereinhalb Stunden Fahrt in unseren 4&#215;4 Gel\u00e4ndewagen erreichten wir die 111 km entfernte Ortschaft Bolo, Sitz einer der zwei Palm\u00f6lm\u00fchlen der Firma SIPEF-CI (Soci\u00e9t\u00e9 internationale de Plantations et Finances C\u00f4te d\u2019Ivoire) in<\/p>\n<p>[\/et_pb_text][et_pb_image _builder_version=&#8220;3.0.63&#8243; src=&#8220;https:\/\/profairtrade.ch\/888\/wp-content\/uploads\/2017\/09\/Picture4.png&#8220; show_in_lightbox=&#8220;off&#8220; url_new_window=&#8220;off&#8220; use_overlay=&#8220;off&#8220; sticky=&#8220;off&#8220; align=&#8220;center&#8220; always_center_on_mobile=&#8220;on&#8220; border_style=&#8220;solid&#8220; force_fullwidth=&#8220;on&#8220; \/][\/et_pb_column][et_pb_column type=&#8220;1_2&#8243;][et_pb_image _builder_version=&#8220;3.0.63&#8243; src=&#8220;https:\/\/profairtrade.ch\/888\/wp-content\/uploads\/2017\/09\/Picture3.png&#8220; show_in_lightbox=&#8220;off&#8220; url_new_window=&#8220;off&#8220; use_overlay=&#8220;off&#8220; sticky=&#8220;off&#8220; align=&#8220;center&#8220; always_center_on_mobile=&#8220;on&#8220; border_style=&#8220;solid&#8220; force_fullwidth=&#8220;on&#8220; \/][et_pb_text _builder_version=&#8220;3.0.63&#8243; background_layout=&#8220;light&#8220; text_orientation=&#8220;left&#8220; border_style=&#8220;solid&#8220;]<\/p>\n<p>der Region von Bas-Sassandra im S\u00fcdwesten der Elfenbeink\u00fcste.<br \/>\nDie Fahrt nach Bolo hat uns wieder einmal klar gemacht, dass wir uns, wie in den meisten L\u00e4ndern Afrikas nicht auf moderne Strassennetze verlassen k\u00f6nnen. Die Strassen oder viel mehr Gel\u00e4ndepisten, welche durch die klimatischen Verh\u00e4ltnisse komplett degradiert sind liessen uns nicht vergessen das wir uns in einem LDC (Least Developed Country) befinden.<br \/>\nExakt die gleichen Pisten m\u00fcssen auch die CPO Trucks der SIPEF-CI zur\u00fccklegen, um das \u00aborange Gold\u00bb nach San Pedro bzw. nach Sikensi zu liefern.<\/p>\n<p>[\/et_pb_text][\/et_pb_column][\/et_pb_row][et_pb_row][et_pb_column type=&#8220;4_4&#8243;][et_pb_text _builder_version=&#8220;3.0.63&#8243; background_layout=&#8220;light&#8220; text_orientation=&#8220;center&#8220; border_style=&#8220;solid&#8220; text_font=&#8220;Cuprum||||&#8220; text_font_size=&#8220;40&#8243; text_font_size_tablet=&#8220;35&#8243; text_font_size_phone=&#8220;25&#8243; text_font_size_last_edited=&#8220;on|phone&#8220;]<\/p>\n<h2>Ankunft in Bolo<\/h2>\n<p>[\/et_pb_text][et_pb_text _builder_version=&#8220;3.0.63&#8243; background_layout=&#8220;light&#8220; text_orientation=&#8220;left&#8220; border_style=&#8220;solid&#8220;]<\/p>\n<p>Die B\u00fcros, die Angestellten Unterk\u00fcnfte und das Firmen-Hotel befindet sich inmitten von Fl\u00fcssen und einer \u00fcppigen, tropischen Landschaft.<\/p>\n<p>[\/et_pb_text][\/et_pb_column][\/et_pb_row][et_pb_row][et_pb_column type=&#8220;1_2&#8243;][et_pb_image _builder_version=&#8220;3.0.63&#8243; src=&#8220;https:\/\/profairtrade.ch\/888\/wp-content\/uploads\/2017\/09\/Picture5.png&#8220; show_in_lightbox=&#8220;off&#8220; url_new_window=&#8220;off&#8220; use_overlay=&#8220;off&#8220; sticky=&#8220;on&#8220; align=&#8220;center&#8220; always_center_on_mobile=&#8220;on&#8220; border_style=&#8220;solid&#8220; force_fullwidth=&#8220;off&#8220; \/][\/et_pb_column][et_pb_column type=&#8220;1_2&#8243;][et_pb_image _builder_version=&#8220;3.0.63&#8243; src=&#8220;https:\/\/profairtrade.ch\/888\/wp-content\/uploads\/2017\/09\/Picture6.png&#8220; show_in_lightbox=&#8220;off&#8220; url_new_window=&#8220;off&#8220; use_overlay=&#8220;off&#8220; sticky=&#8220;off&#8220; align=&#8220;center&#8220; always_center_on_mobile=&#8220;on&#8220; border_style=&#8220;solid&#8220; force_fullwidth=&#8220;on&#8220; \/][\/et_pb_column][\/et_pb_row][et_pb_row][et_pb_column type=&#8220;4_4&#8243;][et_pb_text _builder_version=&#8220;3.0.63&#8243; background_layout=&#8220;light&#8220; text_orientation=&#8220;center&#8220; border_style=&#8220;solid&#8220; text_font=&#8220;Cuprum||||&#8220; text_font_size=&#8220;40&#8243; text_font_size_tablet=&#8220;35&#8243; text_font_size_phone=&#8220;25&#8243; text_font_size_last_edited=&#8220;on|phone&#8220;]<\/p>\n<h2>Die Feier \u2013 Pr\u00e4sentation RSPO IP Zertifikat 2018-2022<\/h2>\n<p>[\/et_pb_text][\/et_pb_column][\/et_pb_row][et_pb_row][et_pb_column type=&#8220;1_2&#8243;][et_pb_image _builder_version=&#8220;3.0.63&#8243; src=&#8220;https:\/\/profairtrade.ch\/888\/wp-content\/uploads\/2017\/09\/Picture7.png&#8220; show_in_lightbox=&#8220;off&#8220; url_new_window=&#8220;off&#8220; use_overlay=&#8220;off&#8220; sticky=&#8220;on&#8220; align=&#8220;center&#8220; always_center_on_mobile=&#8220;on&#8220; border_style=&#8220;solid&#8220; force_fullwidth=&#8220;off&#8220; \/][et_pb_image _builder_version=&#8220;3.0.63&#8243; src=&#8220;https:\/\/profairtrade.ch\/888\/wp-content\/uploads\/2017\/09\/Picture8.png&#8220; show_in_lightbox=&#8220;off&#8220; url_new_window=&#8220;off&#8220; use_overlay=&#8220;off&#8220; sticky=&#8220;off&#8220; align=&#8220;center&#8220; always_center_on_mobile=&#8220;on&#8220; border_style=&#8220;solid&#8220; force_fullwidth=&#8220;on&#8220; \/][\/et_pb_column][et_pb_column type=&#8220;1_2&#8243;][et_pb_text _builder_version=&#8220;3.0.63&#8243; background_layout=&#8220;light&#8220; text_orientation=&#8220;left&#8220; border_style=&#8220;solid&#8220;]<\/p>\n<p>Das SIPEF-CI interne RSPO Team und Partner Control Union, earthworm und Pro Fair Trade wurden durch die Entsandten der verschiedenen<\/p>\n<p>[\/et_pb_text][et_pb_image _builder_version=&#8220;3.0.63&#8243; src=&#8220;https:\/\/profairtrade.ch\/888\/wp-content\/uploads\/2017\/09\/Picture9.png&#8220; show_in_lightbox=&#8220;off&#8220; url_new_window=&#8220;off&#8220; use_overlay=&#8220;off&#8220; sticky=&#8220;off&#8220; align=&#8220;center&#8220; always_center_on_mobile=&#8220;on&#8220; border_style=&#8220;solid&#8220; force_fullwidth=&#8220;on&#8220; \/][et_pb_text _builder_version=&#8220;3.0.63&#8243; background_layout=&#8220;light&#8220; text_orientation=&#8220;left&#8220; border_style=&#8220;solid&#8220;]<\/p>\n<p>Ministerien, der Dorf\u00e4ltesten und religi\u00f6sen F\u00fchrern f\u00fcr die Leistung geehrt.<br \/>\nDer Dank aller galt der ausserordentlichen Leistung unter der F\u00fchrung des exzellenten Managements der SIPEF-CI.<br \/>\nDie \u00fcber 2.000 Mitarbeiter haben als ein zusammenarbeitendes Team das Ziel der RSPO IP Zertifizierung erreicht.<\/p>\n<p>[\/et_pb_text][\/et_pb_column][\/et_pb_row][et_pb_row][et_pb_column type=&#8220;4_4&#8243;][et_pb_text _builder_version=&#8220;3.0.63&#8243; background_layout=&#8220;light&#8220; text_orientation=&#8220;center&#8220; border_style=&#8220;solid&#8220; text_font=&#8220;Cuprum||||&#8220; text_font_size=&#8220;40&#8243; text_font_size_tablet=&#8220;35&#8243; text_font_size_phone=&#8220;25&#8243; text_font_size_last_edited=&#8220;on|phone&#8220;]<\/p>\n<h2>Pro Fair Trade und earthworm foundation Beitrag<\/h2>\n<p>[\/et_pb_text][et_pb_text _builder_version=&#8220;3.0.63&#8243; background_layout=&#8220;light&#8220; text_orientation=&#8220;left&#8220; border_style=&#8220;solid&#8220;]<\/p>\n<p>Die earthworm foundation und Pro Fair Trade AG begleiteten die SIPEF-CI aktiv seit Beginn des Zertifizierungs-Prozesses im Oktober 2014. Das begleitende Rurality Programm von earthworm zur St\u00e4rkung der Resilienz der Kleinbauern wird von Nestl\u00e9 und Pro Fair Trade mitfinanziert und wird von den Kleinbauern in h\u00f6chsten T\u00f6nen gelobt.<br \/>\nSehr viele aussergew\u00f6hnlich positive Resultate konnten bisher verzeichnet werden.<\/p>\n<p>[\/et_pb_text][\/et_pb_column][\/et_pb_row][et_pb_row][et_pb_column type=&#8220;1_2&#8243;][et_pb_image _builder_version=&#8220;3.0.63&#8243; src=&#8220;https:\/\/profairtrade.ch\/888\/wp-content\/uploads\/2017\/09\/Picture10.png&#8220; show_in_lightbox=&#8220;off&#8220; url_new_window=&#8220;off&#8220; use_overlay=&#8220;off&#8220; sticky=&#8220;on&#8220; align=&#8220;center&#8220; always_center_on_mobile=&#8220;on&#8220; border_style=&#8220;solid&#8220; force_fullwidth=&#8220;off&#8220; \/][\/et_pb_column][et_pb_column type=&#8220;1_2&#8243;][et_pb_image _builder_version=&#8220;3.0.63&#8243; src=&#8220;https:\/\/profairtrade.ch\/888\/wp-content\/uploads\/2017\/09\/Picture11.png&#8220; show_in_lightbox=&#8220;off&#8220; url_new_window=&#8220;off&#8220; use_overlay=&#8220;off&#8220; sticky=&#8220;off&#8220; align=&#8220;center&#8220; always_center_on_mobile=&#8220;on&#8220; border_style=&#8220;solid&#8220; force_fullwidth=&#8220;on&#8220; \/][\/et_pb_column][\/et_pb_row][et_pb_row][et_pb_column type=&#8220;4_4&#8243;][et_pb_text _builder_version=&#8220;3.0.63&#8243; background_layout=&#8220;light&#8220; text_orientation=&#8220;center&#8220; border_style=&#8220;solid&#8220; text_font=&#8220;Cuprum||||&#8220; text_font_size=&#8220;40&#8243; text_font_size_tablet=&#8220;35&#8243; text_font_size_phone=&#8220;25&#8243; text_font_size_last_edited=&#8220;on|phone&#8220;]<\/p>\n<h2>Plantagen und M\u00fchlen<\/h2>\n<p>[\/et_pb_text][\/et_pb_column][\/et_pb_row][et_pb_row][et_pb_column type=&#8220;1_2&#8243;][et_pb_image _builder_version=&#8220;3.0.63&#8243; src=&#8220;https:\/\/profairtrade.ch\/888\/wp-content\/uploads\/2017\/09\/Picture12.png&#8220; show_in_lightbox=&#8220;off&#8220; url_new_window=&#8220;off&#8220; use_overlay=&#8220;off&#8220; sticky=&#8220;on&#8220; align=&#8220;center&#8220; always_center_on_mobile=&#8220;on&#8220; border_style=&#8220;solid&#8220; force_fullwidth=&#8220;off&#8220; \/][et_pb_text _builder_version=&#8220;3.0.63&#8243; background_layout=&#8220;light&#8220; text_orientation=&#8220;left&#8220; border_style=&#8220;solid&#8220;]<\/p>\n<p>Die M\u00fchle von Ottawa hat eine Kapazit\u00e4t von 55 t\/Stunde und wird durch 2 industriellen Plantagen 5&#8217;535 ha und 2&#8217;858 ha beliefert, sowie von Kleinbauern, welche auf 15&#8217;100 ha produzieren.<\/p>\n<p>[\/et_pb_text][\/et_pb_column][et_pb_column type=&#8220;1_2&#8243;][et_pb_text _builder_version=&#8220;3.0.63&#8243; background_layout=&#8220;light&#8220; text_orientation=&#8220;left&#8220; border_style=&#8220;solid&#8220;]<\/p>\n<p>Die M\u00fchle von Bolo hat eine Kapazit\u00e4t von<br \/>\n60 t\/Stunden und wird durch die eigene industrielle Plantage von 5\u2019269 ha beliefert und von Kleinbauern, welche auf 23&#8217;790 ha produzieren<\/p>\n<p>[\/et_pb_text][et_pb_image _builder_version=&#8220;3.0.63&#8243; src=&#8220;https:\/\/profairtrade.ch\/888\/wp-content\/uploads\/2017\/09\/Picture13.png&#8220; show_in_lightbox=&#8220;off&#8220; url_new_window=&#8220;off&#8220; use_overlay=&#8220;off&#8220; sticky=&#8220;off&#8220; align=&#8220;center&#8220; always_center_on_mobile=&#8220;on&#8220; border_style=&#8220;solid&#8220; force_fullwidth=&#8220;on&#8220; \/][\/et_pb_column][\/et_pb_row][et_pb_row][et_pb_column type=&#8220;4_4&#8243;][et_pb_text _builder_version=&#8220;3.0.63&#8243; background_layout=&#8220;light&#8220; text_orientation=&#8220;center&#8220; border_style=&#8220;solid&#8220; text_font=&#8220;Cuprum||||&#8220; text_font_size=&#8220;40&#8243; text_font_size_tablet=&#8220;35&#8243; text_font_size_phone=&#8220;25&#8243; text_font_size_last_edited=&#8220;on|phone&#8220;]<\/p>\n<h2>Die Schule feiert mit<\/h2>\n<p>[\/et_pb_text][\/et_pb_column][\/et_pb_row][et_pb_row][et_pb_column type=&#8220;1_2&#8243;][et_pb_image _builder_version=&#8220;3.0.63&#8243; src=&#8220;https:\/\/profairtrade.ch\/888\/wp-content\/uploads\/2017\/09\/Picture15.png&#8220; show_in_lightbox=&#8220;off&#8220; url_new_window=&#8220;off&#8220; use_overlay=&#8220;off&#8220; sticky=&#8220;on&#8220; align=&#8220;center&#8220; always_center_on_mobile=&#8220;on&#8220; border_style=&#8220;solid&#8220; force_fullwidth=&#8220;off&#8220; \/][\/et_pb_column][et_pb_column type=&#8220;1_2&#8243;][et_pb_image _builder_version=&#8220;3.0.63&#8243; src=&#8220;https:\/\/profairtrade.ch\/888\/wp-content\/uploads\/2017\/09\/Picture14.png&#8220; show_in_lightbox=&#8220;off&#8220; url_new_window=&#8220;off&#8220; use_overlay=&#8220;off&#8220; sticky=&#8220;off&#8220; align=&#8220;center&#8220; always_center_on_mobile=&#8220;on&#8220; border_style=&#8220;solid&#8220; force_fullwidth=&#8220;on&#8220; \/][\/et_pb_column][\/et_pb_row][et_pb_row][et_pb_column type=&#8220;4_4&#8243;][et_pb_text _builder_version=&#8220;3.0.63&#8243; background_layout=&#8220;light&#8220; text_orientation=&#8220;center&#8220; border_style=&#8220;solid&#8220; text_font_size=&#8220;16&#8243; text_font_size_phone=&#8220;14&#8243; text_font_size_last_edited=&#8220;on|phone&#8220;]<\/p>\n<p>Die Kinder einer der eigenen SIPEF-CI Schulen durften auch an der Feier mit individuellen Geschenken teilhaben.<\/p>\n<p>[\/et_pb_text][\/et_pb_column][\/et_pb_row][et_pb_row][et_pb_column type=&#8220;1_2&#8243;][et_pb_text _builder_version=&#8220;3.0.63&#8243; background_layout=&#8220;light&#8220; text_orientation=&#8220;left&#8220; border_style=&#8220;solid&#8220;]<\/p>\n<h2>San Pedro Terminal<\/h2>\n<p>[\/et_pb_text][et_pb_text _builder_version=&#8220;3.0.63&#8243; background_layout=&#8220;light&#8220; text_orientation=&#8220;left&#8220; border_style=&#8220;solid&#8220;]<\/p>\n<p>Das firmeneigene Tank-Terminal in San Pedro steht den besten Anlagen Europas in nichts nach.<\/p>\n<p>[\/et_pb_text][et_pb_image _builder_version=&#8220;3.0.63&#8243; src=&#8220;https:\/\/profairtrade.ch\/888\/wp-content\/uploads\/2017\/09\/Picture16.png&#8220; show_in_lightbox=&#8220;off&#8220; url_new_window=&#8220;off&#8220; use_overlay=&#8220;off&#8220; sticky=&#8220;on&#8220; align=&#8220;center&#8220; always_center_on_mobile=&#8220;on&#8220; border_style=&#8220;solid&#8220; force_fullwidth=&#8220;off&#8220; \/][\/et_pb_column][et_pb_column type=&#8220;1_2&#8243;][et_pb_image _builder_version=&#8220;3.0.63&#8243; src=&#8220;https:\/\/profairtrade.ch\/888\/wp-content\/uploads\/2017\/09\/Picture17.png&#8220; show_in_lightbox=&#8220;off&#8220; url_new_window=&#8220;off&#8220; use_overlay=&#8220;off&#8220; sticky=&#8220;off&#8220; align=&#8220;center&#8220; always_center_on_mobile=&#8220;on&#8220; border_style=&#8220;solid&#8220; force_fullwidth=&#8220;on&#8220; \/][et_pb_text _builder_version=&#8220;3.0.63&#8243; background_layout=&#8220;light&#8220; text_orientation=&#8220;left&#8220; border_style=&#8220;solid&#8220;]<\/p>\n<h2>Das SIPEF-CI Management<\/h2>\n<p>Marwan Al-Anis<br \/>\nMoussa Bouali<\/p>\n<p>[\/et_pb_text][\/et_pb_column][\/et_pb_row][\/et_pb_section]<\/p>\n","protected":false},"excerpt":{"rendered":"<p><div class=\"et_pb_row et_pb_row_0 et_pb_row_empty\">\n\t\t\t\t\n\t\t\t\t\n\t\t\t\t\n\t\t\t\t\n\t\t\t\t\n\t\t\t<\/div> 16. Sept. 2018 \u2013 Besuch bei Adam Afrique in Sikensi\u00a0RSPO IP zertifiziert: Palm RBD, -Stearin und -Olein <div class=\"et_pb_row et_pb_row_1 et_pb_row_empty\">\n\t\t\t\t\n\t\t\t\t\n\t\t\t\t\n\t\t\t\t\n\t\t\t\t\n\t\t\t<\/div> Die Adam Afrique Sarl ist eine komplett vertikal integrierte Firma in der C\u00f4te d\u2019Ivoire, die von der CPO M\u00fchle, \u00fcber Raffinerien, Seifenfabrik, PVC Beh\u00e4lter- und Flaschen Produktion, Abf\u00fcllanlagen f\u00fcr den Gross- und Detailhandel und eigener Logistik [&hellip;]<\/p>\n","protected":false},"author":1,"featured_media":0,"parent":0,"menu_order":0,"comment_status":"closed","ping_status":"closed","template":"","meta":{"_et_pb_use_builder":"on","_et_pb_old_content":"","_et_gb_content_width":"","_cloudinary_featured_overwrite":false,"footnotes":""},"class_list":["post-26585","page","type-page","status-publish","hentry"],"_links":{"self":[{"href":"https:\/\/profairtrade.ch\/888\/wp-json\/wp\/v2\/pages\/26585","targetHints":{"allow":["GET"]}}],"collection":[{"href":"https:\/\/profairtrade.ch\/888\/wp-json\/wp\/v2\/pages"}],"about":[{"href":"https:\/\/profairtrade.ch\/888\/wp-json\/wp\/v2\/types\/page"}],"author":[{"embeddable":true,"href":"https:\/\/profairtrade.ch\/888\/wp-json\/wp\/v2\/users\/1"}],"replies":[{"embeddable":true,"href":"https:\/\/profairtrade.ch\/888\/wp-json\/wp\/v2\/comments?post=26585"}],"version-history":[{"count":15,"href":"https:\/\/profairtrade.ch\/888\/wp-json\/wp\/v2\/pages\/26585\/revisions"}],"predecessor-version":[{"id":26683,"href":"https:\/\/profairtrade.ch\/888\/wp-json\/wp\/v2\/pages\/26585\/revisions\/26683"}],"wp:attachment":[{"href":"https:\/\/profairtrade.ch\/888\/wp-json\/wp\/v2\/media?parent=26585"}],"curies":[{"name":"wp","href":"https:\/\/api.w.org\/{rel}","templated":true}]}}