{"id":26934,"date":"2023-02-25T11:28:53","date_gmt":"2023-02-25T11:28:53","guid":{"rendered":"https:\/\/profairtrade.ch\/888\/?page_id=26934"},"modified":"2023-02-25T11:28:55","modified_gmt":"2023-02-25T11:28:55","slug":"coop-hat-unsere-rueckverfolgbarkeit-app-veroeffentlicht","status":"publish","type":"page","link":"https:\/\/profairtrade.ch\/888\/coop-hat-unsere-rueckverfolgbarkeit-app-veroeffentlicht\/","title":{"rendered":"Coop hat unsere R\u00fcckverfolgbarkeit App ver\u00f6ffentlicht"},"content":{"rendered":"<p>F\u00fcr das Palm\u00f6l, welches wir f\u00fcr die Produktion unserer Eigenmarkenprodukte verwenden, haben wir zusammen mit dem Forschungsinstitut f\u00fcr biologischen Landbau (FiBL) und lokalen Partnern eine transparente Lieferkette f\u00fcr Bio-Knospe-Palm\u00f6l aus der Elfenbeink\u00fcste aufgebaut. So beschaffen wir in direkter Zusammenarbeit mit der Kleinbauernkooperative Scoops Propalo nachhaltiges Palm\u00f6l in einer r\u00fcckverfolgbaren und transparenten Lieferkette.<\/p>\n<p>F\u00fcr dieses Projekt arbeiten wir mit der Kooperative Scoops Propalo zusammen, welcher 157 Kleinb\u00e4uerinnen und Kleinbauern angeschlossen sind. Die Kooperative war bereits RSPO und EU-Bio zertifiziert und ist mit der Umsetzung unseres Beschaffungsprojekts ab November 2022 Bio Suisse zertifiziert. Mit dem Bio-Knospe-Palm\u00f6l f\u00f6rdern wir den nachhaltigen Anbau, die Biodiversit\u00e4t und ein h\u00f6heres Einkommen f\u00fcr die Landwirtinnen und Landwirte vor Ort. Dieses Engagement legt die Basis daf\u00fcr, auch langfristig, nachhaltiges Palm\u00f6l aus der Elfenbeink\u00fcste beschaffen zu k\u00f6nnen.<\/p>\n<p>Aufgrund dieser Erkenntnisse haben wir f\u00fcr die Beschaffung von Bio-Knospe-Palm\u00f6l aus der Elfenbeink\u00fcste, zusammen mit dem FiBL und lokalen Partnern eine transparente Lieferkette aufgebaut, welche wir zu 100 Prozent r\u00fcckverfolgen k\u00f6nnen.<\/p>\n<p>Zur <a href=\"https:\/\/idiscover.ch\/crm\/traceability_certificate\/coop_suisse.php?id=1783&amp;lang=de\">Lieferkette von der Elfenbeink\u00fcste in die Schweiz &#8230;<\/a><\/p>\n","protected":false},"excerpt":{"rendered":"<p>F\u00fcr das Palm\u00f6l, welches wir f\u00fcr die Produktion unserer Eigenmarkenprodukte verwenden, haben wir zusammen mit dem Forschungsinstitut f\u00fcr biologischen Landbau (FiBL) und lokalen Partnern eine transparente Lieferkette f\u00fcr Bio-Knospe-Palm\u00f6l aus der Elfenbeink\u00fcste aufgebaut. So beschaffen wir in direkter Zusammenarbeit mit der Kleinbauernkooperative Scoops Propalo nachhaltiges Palm\u00f6l in einer r\u00fcckverfolgbaren und transparenten Lieferkette. F\u00fcr dieses Projekt [&hellip;]<\/p>\n","protected":false},"author":2,"featured_media":0,"parent":0,"menu_order":0,"comment_status":"closed","ping_status":"closed","template":"","meta":{"_et_pb_use_builder":"","_et_pb_old_content":"","_et_gb_content_width":"","_cloudinary_featured_overwrite":false,"footnotes":""},"class_list":["post-26934","page","type-page","status-publish","hentry"],"_links":{"self":[{"href":"https:\/\/profairtrade.ch\/888\/wp-json\/wp\/v2\/pages\/26934","targetHints":{"allow":["GET"]}}],"collection":[{"href":"https:\/\/profairtrade.ch\/888\/wp-json\/wp\/v2\/pages"}],"about":[{"href":"https:\/\/profairtrade.ch\/888\/wp-json\/wp\/v2\/types\/page"}],"author":[{"embeddable":true,"href":"https:\/\/profairtrade.ch\/888\/wp-json\/wp\/v2\/users\/2"}],"replies":[{"embeddable":true,"href":"https:\/\/profairtrade.ch\/888\/wp-json\/wp\/v2\/comments?post=26934"}],"version-history":[{"count":3,"href":"https:\/\/profairtrade.ch\/888\/wp-json\/wp\/v2\/pages\/26934\/revisions"}],"predecessor-version":[{"id":26937,"href":"https:\/\/profairtrade.ch\/888\/wp-json\/wp\/v2\/pages\/26934\/revisions\/26937"}],"wp:attachment":[{"href":"https:\/\/profairtrade.ch\/888\/wp-json\/wp\/v2\/media?parent=26934"}],"curies":[{"name":"wp","href":"https:\/\/api.w.org\/{rel}","templated":true}]}}