{"id":27036,"date":"2023-08-04T09:07:50","date_gmt":"2023-08-04T09:07:50","guid":{"rendered":"https:\/\/profairtrade.ch\/888\/?page_id=27036"},"modified":"2023-08-04T09:12:05","modified_gmt":"2023-08-04T09:12:05","slug":"impressum","status":"publish","type":"page","link":"https:\/\/profairtrade.ch\/888\/impressum\/","title":{"rendered":"Impressum"},"content":{"rendered":"<p>[et_pb_section fb_built=&#8220;1&#8243; _builder_version=&#8220;4.21.0&#8243; _module_preset=&#8220;default&#8220; global_colors_info=&#8220;{}&#8220;][et_pb_row _builder_version=&#8220;4.21.0&#8243; _module_preset=&#8220;default&#8220; global_colors_info=&#8220;{}&#8220;][et_pb_column type=&#8220;4_4&#8243; _builder_version=&#8220;4.21.0&#8243; _module_preset=&#8220;default&#8220; global_colors_info=&#8220;{}&#8220;][et_pb_text _builder_version=&#8220;4.21.0&#8243; _module_preset=&#8220;default&#8220; text_font_size=&#8220;18px&#8220; global_colors_info=&#8220;{}&#8220;]<\/p>\n<p><span style=\"color: #000000;\"><span style=\"font-family: Roboto, sans-serif;\"><span style=\"font-size: small;\">Impressum<\/span><\/span><\/span><\/p>\n<p><span><span style=\"color: #000000;\"><span style=\"font-family: Roboto, sans-serif;\"><span style=\"font-size: small;\">Verantwortliche Instanz:<\/span><\/span><\/span><\/span><br \/><span><span style=\"color: #000000;\"><span style=\"font-family: Roboto, sans-serif;\"><span style=\"font-size: small;\">Pro Fair Trade AG<\/span><\/span><\/span><\/span><br \/><span><span style=\"color: #000000;\"><span style=\"font-family: Roboto, sans-serif;\"><span style=\"font-size: small;\">Lettenstrasse 7<\/span><\/span><\/span><\/span><br \/><span><span style=\"color: #000000;\"><span style=\"font-family: Roboto, sans-serif;\"><span style=\"font-size: small;\">6343 Rotkreuz<\/span><\/span><\/span><\/span><br \/><span><span style=\"color: #000000;\"><span style=\"font-family: Roboto, sans-serif;\"><span style=\"font-size: small;\">Schweiz<\/span><\/span><\/span><\/span><br \/><strong><span><span style=\"color: #000000;\"><span style=\"font-family: Roboto, sans-serif;\"><span style=\"font-size: small;\">E-Mail<\/span><\/span><\/span><\/span><\/strong><span><span style=\"color: #000000;\"><span style=\"font-family: Roboto, sans-serif;\"><span style=\"font-size: small;\">: info@profairtrade.ch<\/span><\/span><\/span><\/span><\/p>\n<p><strong><span><span style=\"color: #000000;\"><span style=\"font-family: Roboto, sans-serif;\"><span style=\"font-size: small;\">Vertretungsberechtigte Personen<\/span><\/span><\/span><\/span><\/strong><br \/><span><span style=\"color: #000000;\"><span style=\"font-family: Roboto, sans-serif;\"><span style=\"font-size: small;\">+41 79 239 95 57<\/span><\/span><\/span><\/span><\/p>\n<p><strong><span><span style=\"color: #000000;\"><span style=\"font-family: Roboto, sans-serif;\"><span style=\"font-size: small;\">Name des Unternehmens<\/span><\/span><\/span><\/span><\/strong><span><span style=\"color: #000000;\"><span style=\"font-family: Roboto, sans-serif;\"><span style=\"font-size: small;\">: Pro Fair Trade AG<\/span><\/span><\/span><\/span><br \/><strong><span><span style=\"color: #000000;\"><span style=\"font-family: Roboto, sans-serif;\"><span style=\"font-size: small;\">Registrationsnummer<\/span><\/span><\/span><\/span><\/strong><span><span style=\"color: #000000;\"><span style=\"font-family: Roboto, sans-serif;\"><span style=\"font-size: small;\">: CHE 123 456 789<\/span><\/span><\/span><\/span><br \/><strong><span><span style=\"color: #000000;\"><span style=\"font-family: Roboto, sans-serif;\"><span style=\"font-size: small;\">Umsatzsteuer-Identifikationsnummer<\/span><\/span><\/span><\/span><\/strong><span><span style=\"color: #000000;\"><span style=\"font-family: Roboto, sans-serif;\"><span style=\"font-size: small;\">: CHE 123 456 789 MWST<\/span><\/span><\/span><\/span><\/p>\n<p><strong><span><span style=\"color: #000000;\"><span style=\"font-family: Roboto, sans-serif;\"><span style=\"font-size: small;\">Haftungsausschluss<\/span><\/span><\/span><\/span><\/strong><br \/><span><span style=\"color: #000000;\"><span style=\"font-family: Roboto, sans-serif;\"><span style=\"font-size: small;\">Der Autor \u00fcbernimmt keine Gew\u00e4hr f\u00fcr die Richtigkeit, Genauigkeit, Aktualit\u00e4t, Zuverl\u00e4ssigkeit und Vollst\u00e4ndigkeit der Informationen.<\/span><\/span><\/span><\/span><br \/><span><span style=\"color: #000000;\"><span style=\"font-family: Roboto, sans-serif;\"><span style=\"font-size: small;\">Haftungsanspr\u00fcche gegen den Autor wegen Sch\u00e4den materieller oder immaterieller Art, die aus dem Zugriff oder der Nutzung bzw. Nichtnutzung der ver\u00f6ffentlichten Informationen, durch Missbrauch der Verbindung oder durch technische St\u00f6rungen entstanden sind, werden ausgeschlossen.<\/span><\/span><\/span><\/span><\/p>\n<p><span><span style=\"color: #000000;\"><span style=\"font-family: Roboto, sans-serif;\"><span style=\"font-size: small;\">Alle Angebote sind freibleibend. Der Autor beh\u00e4lt es sich ausdr\u00fccklich vor, Teile der Seiten oder das gesamte Angebot ohne gesonderte Ank\u00fcndigung zu ver\u00e4ndern, zu erg\u00e4nzen, zu l\u00f6schen oder die Ver\u00f6ffentlichung zeitweise oder endg\u00fcltig einzustellen.<\/span><\/span><\/span><\/span><\/p>\n<p><strong><span><span style=\"color: #000000;\"><span style=\"font-family: Roboto, sans-serif;\"><span style=\"font-size: small;\">Haftungsausschluss f\u00fcr Inhalte und Links<\/span><\/span><\/span><\/span><\/strong><br \/><span><span style=\"color: #000000;\"><span style=\"font-family: Roboto, sans-serif;\"><span style=\"font-size: small;\">Verweise und Links auf Webseiten Dritter liegen ausserhalb unseres Verantwortungsbereichs. Es wird jegliche Verantwortung f\u00fcr solche Webseiten abgelehnt. Der Zugriff und die Nutzung solcher Webseiten erfolgen auf eigene Gefahr des jeweiligen Nutzers.<\/span><\/span><\/span><\/span><\/p>\n<p><strong><span><span style=\"color: #000000;\"><span style=\"font-family: Roboto, sans-serif;\"><span style=\"font-size: small;\">Urheberrechtserkl\u00e4rung<\/span><\/span><\/span><\/span><\/strong><br \/><span><span style=\"color: #000000;\"><span style=\"font-family: Roboto, sans-serif;\"><span style=\"font-size: small;\">Die Urheber- und alle anderen Rechte an Inhalten, Bildern, Fotos oder anderen Dateien auf dieser Website, geh\u00f6ren ausschliesslich Pro Fair Trade AG oder den speziell genannten Rechteinhabern. F\u00fcr die Reproduktion jeglicher Elemente ist die schriftliche Zustimmung des Urheberrechtstr\u00e4gers im Voraus einzuholen.<\/span><\/span><\/span><\/span><\/p>\n<p><strong><span><span style=\"color: #000000;\"><span style=\"font-family: Roboto, sans-serif;\"><span style=\"font-size: small;\">Quelle<\/span><\/span><\/span><\/span><\/strong><span><span style=\"color: #000000;\"><span style=\"font-family: Roboto, sans-serif;\"><span style=\"font-size: small;\">:\u00a0<\/span><\/span><\/span><\/span><a href=\"https:\/\/brainbox.swiss\/\"><span><span style=\"font-family: Roboto, sans-serif;\"><span style=\"font-size: small;\">BrainBox Solutions<\/span><\/span><\/span><\/a><\/p>\n<p>[\/et_pb_text][\/et_pb_column][\/et_pb_row][\/et_pb_section]<\/p>\n","protected":false},"excerpt":{"rendered":"<p>Impressum Verantwortliche Instanz:Pro Fair Trade AGLettenstrasse 76343 RotkreuzSchweizE-Mail: info@profairtrade.ch Vertretungsberechtigte Personen+41 79 239 95 57 Name des Unternehmens: Pro Fair Trade AGRegistrationsnummer: CHE 123 456 789Umsatzsteuer-Identifikationsnummer: CHE 123 456 789 MWST HaftungsausschlussDer Autor \u00fcbernimmt keine Gew\u00e4hr f\u00fcr die Richtigkeit, Genauigkeit, Aktualit\u00e4t, Zuverl\u00e4ssigkeit und Vollst\u00e4ndigkeit der Informationen.Haftungsanspr\u00fcche gegen den Autor wegen Sch\u00e4den materieller oder immaterieller Art, [&hellip;]<\/p>\n","protected":false},"author":2,"featured_media":0,"parent":0,"menu_order":0,"comment_status":"closed","ping_status":"closed","template":"","meta":{"_et_pb_use_builder":"on","_et_pb_old_content":"","_et_gb_content_width":"","_cloudinary_featured_overwrite":false,"footnotes":""},"class_list":["post-27036","page","type-page","status-publish","hentry"],"_links":{"self":[{"href":"https:\/\/profairtrade.ch\/888\/wp-json\/wp\/v2\/pages\/27036","targetHints":{"allow":["GET"]}}],"collection":[{"href":"https:\/\/profairtrade.ch\/888\/wp-json\/wp\/v2\/pages"}],"about":[{"href":"https:\/\/profairtrade.ch\/888\/wp-json\/wp\/v2\/types\/page"}],"author":[{"embeddable":true,"href":"https:\/\/profairtrade.ch\/888\/wp-json\/wp\/v2\/users\/2"}],"replies":[{"embeddable":true,"href":"https:\/\/profairtrade.ch\/888\/wp-json\/wp\/v2\/comments?post=27036"}],"version-history":[{"count":5,"href":"https:\/\/profairtrade.ch\/888\/wp-json\/wp\/v2\/pages\/27036\/revisions"}],"predecessor-version":[{"id":27043,"href":"https:\/\/profairtrade.ch\/888\/wp-json\/wp\/v2\/pages\/27036\/revisions\/27043"}],"wp:attachment":[{"href":"https:\/\/profairtrade.ch\/888\/wp-json\/wp\/v2\/media?parent=27036"}],"curies":[{"name":"wp","href":"https:\/\/api.w.org\/{rel}","templated":true}]}}